{"id":643,"date":"2025-02-14T06:16:35","date_gmt":"2025-02-14T06:16:35","guid":{"rendered":"https:\/\/icemeat.az.local\/haqqimizda\/"},"modified":"2025-03-27T08:13:25","modified_gmt":"2025-03-27T08:13:25","slug":"haqqimizda","status":"publish","type":"page","link":"https:\/\/icemeat.az\/az\/haqqimizda\/","title":{"rendered":"Haqq\u0131m\u0131zda"},"content":{"rendered":"\t\t<div data-elementor-type=\"wp-page\" data-elementor-id=\"643\" class=\"elementor elementor-643 elementor-77\" data-elementor-post-type=\"page\">\n\t\t\t\t<div class=\"wd-negative-gap elementor-element elementor-element-f325387 e-flex e-con-boxed e-con e-parent\" data-id=\"f325387\" data-element_type=\"container\" data-e-type=\"container\">\n\t\t\t\t\t<div class=\"e-con-inner\">\n\t\t\t\t<div class=\"elementor-element elementor-element-2a33056 elementor-widget elementor-widget-spacer\" data-id=\"2a33056\" data-element_type=\"widget\" data-e-type=\"widget\" data-widget_type=\"spacer.default\">\n\t\t\t\t<div class=\"elementor-widget-container\">\n\t\t\t\t\t\t\t<div class=\"elementor-spacer\">\n\t\t\t<div class=\"elementor-spacer-inner\"><\/div>\n\t\t<\/div>\n\t\t\t\t\t\t<\/div>\n\t\t\t\t<\/div>\n\t\t\t\t\t<\/div>\n\t\t\t\t<\/div>\n\t\t<div class=\"elementor-element elementor-element-701a23a6 e-con-full e-flex e-con e-parent\" data-id=\"701a23a6\" data-element_type=\"container\" data-e-type=\"container\" data-settings=\"{&quot;background_background&quot;:&quot;classic&quot;}\">\n\t\t\t\t<\/div>\n\t\t<div class=\"wd-negative-gap elementor-element elementor-element-2c2aed8 e-flex e-con-boxed e-con e-parent\" data-id=\"2c2aed8\" data-element_type=\"container\" data-e-type=\"container\">\n\t\t\t\t\t<div class=\"e-con-inner\">\n\t\t\t\t<div class=\"elementor-element elementor-element-d475f04 elementor-widget elementor-widget-spacer\" data-id=\"d475f04\" data-element_type=\"widget\" data-e-type=\"widget\" data-widget_type=\"spacer.default\">\n\t\t\t\t<div class=\"elementor-widget-container\">\n\t\t\t\t\t\t\t<div class=\"elementor-spacer\">\n\t\t\t<div class=\"elementor-spacer-inner\"><\/div>\n\t\t<\/div>\n\t\t\t\t\t\t<\/div>\n\t\t\t\t<\/div>\n\t\t\t\t\t<\/div>\n\t\t\t\t<\/div>\n\t\t<div class=\"elementor-element elementor-element-e049be4 e-con-full e-flex e-con e-parent\" data-id=\"e049be4\" data-element_type=\"container\" data-e-type=\"container\" data-settings=\"{&quot;background_background&quot;:&quot;gradient&quot;}\">\n\t\t<div class=\"elementor-element elementor-element-825eff9 e-con-full e-flex e-con e-child\" data-id=\"825eff9\" data-element_type=\"container\" data-e-type=\"container\">\n\t\t\t\t<div class=\"elementor-element elementor-element-a001920 elementor-widget elementor-widget-wd_text_block\" data-id=\"a001920\" data-element_type=\"widget\" data-e-type=\"widget\" data-widget_type=\"wd_text_block.default\">\n\t\t\t\t<div class=\"elementor-widget-container\">\n\t\t\t\t\t\t\t<div class=\"wd-text-block reset-last-child text-left\">\n\t\t\t\n\t\t\t<p class=\"p1\"><span class=\"s1\"><b>Ice Meat MMC<\/b><\/span>, 2022-ci ild\u0259 yarad\u0131lm\u0131\u015f y\u00fcks\u0259k keyfiyy\u0259tli toyuq, qoyun v\u0259 mal \u0259ti m\u0259hsullar\u0131 il\u0259 m\u0259\u015f\u011ful olan bir \u015firk\u0259tdir. B\u00fct\u00fcn m\u0259hsullar\u0131m\u0131z \u0130slam qaydalar\u0131na tam uy\u011fun olaraq istehsal olunur v\u0259 halal sertifikat\u0131na malikdir.<\/p><p class=\"p3\"><b>Bizim Missiyam\u0131z<\/b><b><\/b>\u018fsas h\u0259d\u0259fimiz m\u00fc\u015ft\u0259ril\u0259rimiz\u0259 t\u0259hl\u00fck\u0259siz, t\u0259miz v\u0259 y\u00fcks\u0259k keyfiyy\u0259tli \u0259t m\u0259hsullar\u0131 t\u0259qdim etm\u0259kdir. Etibarl\u0131 t\u0259chizat\u00e7\u0131lar v\u0259 logistika t\u0259r\u0259fda\u015flar\u0131 il\u0259 \u0259m\u0259kda\u015fl\u0131q ed\u0259r\u0259k, biz r\u0259qab\u0259t\u0259davaml\u0131 qiym\u0259tl\u0259r, s\u00fcr\u0259tli \u00e7atd\u0131r\u0131lma v\u0259 \u015f\u0259ffaf i\u015f prinsipi t\u0259klif edirik.<\/p><p class=\"p3\"><b>\u018fsas H\u0259mkar \u00d6lk\u0259l\u0259ri:<\/b><b><\/b><br>\ud83c\uddf7\ud83c\uddfa Rusiya \ud83c\udde7\ud83c\uddfe Belarusiya<br>\ud83c\uddfa\ud83c\udde6 Ukrayna \ud83c\uddf9\ud83c\uddf7 T\u00fcrkiy\u0259<br>\ud83c\uddfa\ud83c\uddff \u00d6zb\u0259kistan \ud83c\uddf0\ud83c\uddff Qazax\u0131stan<br>\ud83c\uddf2\ud83c\uddf3 Monqolustan \ud83c\udde6\ud83c\uddea Birl\u0259\u015fmi\u015f \u018fr\u0259b \u018fmirlikl\u0259ri<br>\ud83c\uddf4\ud83c\uddf2 Oman \ud83c\uddf8\ud83c\udde6 S\u0259udiyy\u0259 \u018fr\u0259bistan\u0131<br>\ud83c\uddee\ud83c\uddf7 \u0130ran \ud83c\uddee\ud83c\uddf6 \u0130raq<\/p><p class=\"p3\"><b>Why Choose Ice Meat LLC?<br><\/b><b><\/b><br>\u2714 <span class=\"s1\"><b>100% Halal sertifikatl\u0131 m\u0259hsullar<\/b><\/span> \u2013 \u0130slam qaydalar\u0131na tam uy\u011fun istehsal olunmu\u015fdur<br>\u2714 <span class=\"s1\"><b>S\u0131x keyfiyy\u0259t n\u0259zar\u0259ti<\/b><\/span> \u2013 Beyn\u0259lxalq standartlara uy\u011fun istehsal v\u0259 \u00e7atd\u0131r\u0131lma<br><span class=\"s2\">\u2714<\/span> <b>Effektiv logistika v\u0259 t\u0259chizat z\u0259nciri <\/b><span class=\"s2\">\u2013 S\u00fcr\u0259tli v\u0259 etibarl\u0131 \u00e7atd\u0131r\u0131lma<br><\/span>\u2714 <span class=\"s1\"><b>G\u00fccl\u00fc t\u0259r\u0259fda\u015fl\u0131qlar d\u00fcnya miqyas\u0131nda<\/b><\/span> \u2013 Geni\u015f bazar \u0259laq\u0259l\u0259ri<br>Biz m\u00fc\u015ft\u0259ril\u0259rimiz\u0259 t\u0259z\u0259, halal v\u0259 y\u00fcks\u0259k keyfiyy\u0259tli \u0259t m\u0259hsullar\u0131 t\u0259qdim ed\u0259r\u0259k bazar m\u00f6vqeyimizi geni\u015fl\u0259ndirm\u0259y\u0259 davam edirik.<br><b>Ice Meat \u2013 H\u0259mi\u015f\u0259 T\u0259z\u0259, H\u0259mi\u015f\u0259 Keyfiyy\u0259tli!<\/b><\/p>\n\t\t\t\t\t<\/div>\n\t\t\t\t\t\t<\/div>\n\t\t\t\t<\/div>\n\t\t\t\t<\/div>\n\t\t\t\t<\/div>\n\t\t\t\t<\/div>\n\t\t","protected":false},"excerpt":{"rendered":"<p>Ice Meat MMC, 2022-ci ild\u0259 yarad\u0131lm\u0131\u015f y\u00fcks\u0259k keyfiyy\u0259tli toyuq, qoyun v\u0259 mal \u0259ti m\u0259hsullar\u0131 il\u0259 m\u0259\u015f\u011ful olan bir \u015firk\u0259tdir. B\u00fct\u00fcn<\/p>\n","protected":false},"author":1,"featured_media":0,"parent":0,"menu_order":0,"comment_status":"closed","ping_status":"closed","template":"","meta":{"footnotes":""},"class_list":["post-643","page","type-page","status-publish","hentry"],"_links":{"self":[{"href":"https:\/\/icemeat.az\/az\/wp-json\/wp\/v2\/pages\/643","targetHints":{"allow":["GET"]}}],"collection":[{"href":"https:\/\/icemeat.az\/az\/wp-json\/wp\/v2\/pages"}],"about":[{"href":"https:\/\/icemeat.az\/az\/wp-json\/wp\/v2\/types\/page"}],"author":[{"embeddable":true,"href":"https:\/\/icemeat.az\/az\/wp-json\/wp\/v2\/users\/1"}],"replies":[{"embeddable":true,"href":"https:\/\/icemeat.az\/az\/wp-json\/wp\/v2\/comments?post=643"}],"version-history":[{"count":1,"href":"https:\/\/icemeat.az\/az\/wp-json\/wp\/v2\/pages\/643\/revisions"}],"predecessor-version":[{"id":644,"href":"https:\/\/icemeat.az\/az\/wp-json\/wp\/v2\/pages\/643\/revisions\/644"}],"wp:attachment":[{"href":"https:\/\/icemeat.az\/az\/wp-json\/wp\/v2\/media?parent=643"}],"curies":[{"name":"wp","href":"https:\/\/api.w.org\/{rel}","templated":true}]}}