{"id":3164,"date":"2025-02-25T23:25:41","date_gmt":"2025-02-25T23:25:41","guid":{"rendered":"https:\/\/icemeat.az.local\/?post_type=product&#038;p=3164"},"modified":"2025-03-30T10:01:28","modified_gmt":"2025-03-30T10:01:28","slug":"__trashed","status":"publish","type":"product","link":"https:\/\/icemeat.az\/az\/product\/__trashed\/","title":{"rendered":"D\u00f6\u015f \u0259ti"},"content":{"rendered":"<p>Brisket, alt sin\u0259 v\u0259 ya in\u0259yin d\u00f6\u015f\u00fcnd\u0259n al\u0131nan mal \u0259ti k\u0259sikdir. \u00c7ox birl\u0259\u015fdirici toxuma olan s\u0259rt, \u00e7ox i\u015fl\u0259nmi\u015f bir \u0259z\u0259l\u0259, siqaret \u00e7\u0259km\u0259, s\u0131zma v\u0259 ya yava\u015f qovurma kimi yava\u015f bi\u015firm\u0259 \u00fcsullar\u0131 \u00fc\u00e7\u00fcn ideal hala g\u0259tirir.<\/p>\n","protected":false},"excerpt":{"rendered":"<p>Brisket, alt sin\u0259 v\u0259 ya in\u0259yin d\u00f6\u015f\u00fcnd\u0259n al\u0131nan mal \u0259ti k\u0259sikdir. \u00c7ox birl\u0259\u015fdirici toxuma olan s\u0259rt, \u00e7ox i\u015fl\u0259nmi\u015f bir \u0259z\u0259l\u0259,<\/p>\n","protected":false},"featured_media":3555,"comment_status":"open","ping_status":"closed","template":"","meta":[],"product_brand":[],"product_cat":[41],"product_tag":[],"class_list":{"0":"post-3164","1":"product","2":"type-product","3":"status-publish","4":"has-post-thumbnail","6":"product_cat-mal-ti-mhsullari","8":"first","9":"instock","10":"shipping-taxable","11":"purchasable","12":"product-type-simple"},"_links":{"self":[{"href":"https:\/\/icemeat.az\/az\/wp-json\/wp\/v2\/product\/3164","targetHints":{"allow":["GET"]}}],"collection":[{"href":"https:\/\/icemeat.az\/az\/wp-json\/wp\/v2\/product"}],"about":[{"href":"https:\/\/icemeat.az\/az\/wp-json\/wp\/v2\/types\/product"}],"replies":[{"embeddable":true,"href":"https:\/\/icemeat.az\/az\/wp-json\/wp\/v2\/comments?post=3164"}],"wp:featuredmedia":[{"embeddable":true,"href":"https:\/\/icemeat.az\/az\/wp-json\/wp\/v2\/media\/3555"}],"wp:attachment":[{"href":"https:\/\/icemeat.az\/az\/wp-json\/wp\/v2\/media?parent=3164"}],"wp:term":[{"taxonomy":"product_brand","embeddable":true,"href":"https:\/\/icemeat.az\/az\/wp-json\/wp\/v2\/product_brand?post=3164"},{"taxonomy":"product_cat","embeddable":true,"href":"https:\/\/icemeat.az\/az\/wp-json\/wp\/v2\/product_cat?post=3164"},{"taxonomy":"product_tag","embeddable":true,"href":"https:\/\/icemeat.az\/az\/wp-json\/wp\/v2\/product_tag?post=3164"}],"curies":[{"name":"wp","href":"https:\/\/api.w.org\/{rel}","templated":true}]}}