{"id":3166,"date":"2025-02-25T23:25:41","date_gmt":"2025-02-25T23:25:41","guid":{"rendered":"https:\/\/icemeat.az.local\/product\/mal-%c9%99ti-boyun-hiss%c9%99si\/"},"modified":"2025-02-25T23:25:41","modified_gmt":"2025-02-25T23:25:41","slug":"mal-%c9%99ti-boyun-hiss%c9%99si","status":"publish","type":"product","link":"https:\/\/icemeat.az\/az\/product\/mal-%c9%99ti-boyun-hiss%c9%99si\/","title":{"rendered":"Mal \u0259ti boyun hiss\u0259si"},"content":{"rendered":"<p>Mal \u0259ti boyun hiss\u0259si, \u00f6n \u00e7eyr\u0259yin yuxar\u0131 hiss\u0259sind\u0259n, \u00e7iyin nahiy\u0259sinin yax\u0131nl\u0131\u011f\u0131ndan g\u00f6t\u00fcr\u00fcl\u0259n, l\u0259zz\u0259tli v\u0259 yax\u015f\u0131 ya\u011fl\u0131 bir \u0259t hiss\u0259sidir. Bu, s\u0259rt v\u0259 kollagenl\u0259 z\u0259ngin bir \u0259t hiss\u0259sidir, bu da onu ba\u011f toxumas\u0131n\u0131 yum\u015faldan v\u0259 d\u0259rin, z\u0259ngin l\u0259zz\u0259tl\u0259ri ortaya \u00e7\u0131xaran yava\u015f bi\u015firm\u0259 \u00fcsullar\u0131 \u00fc\u00e7\u00fcn ideal edir.<\/p>\n","protected":false},"excerpt":{"rendered":"<p>Mal \u0259ti boyun hiss\u0259si, \u00f6n \u00e7eyr\u0259yin yuxar\u0131 hiss\u0259sind\u0259n, \u00e7iyin nahiy\u0259sinin yax\u0131nl\u0131\u011f\u0131ndan g\u00f6t\u00fcr\u00fcl\u0259n, l\u0259zz\u0259tli v\u0259 yax\u015f\u0131 ya\u011fl\u0131 bir \u0259t hiss\u0259sidir. Bu,<\/p>\n","protected":false},"featured_media":3491,"comment_status":"open","ping_status":"closed","template":"","meta":[],"product_brand":[],"product_cat":[41],"product_tag":[],"class_list":{"0":"post-3166","1":"product","2":"type-product","3":"status-publish","4":"has-post-thumbnail","6":"product_cat-mal-ti-mhsullari","8":"first","9":"instock","10":"shipping-taxable","11":"purchasable","12":"product-type-simple"},"_links":{"self":[{"href":"https:\/\/icemeat.az\/az\/wp-json\/wp\/v2\/product\/3166","targetHints":{"allow":["GET"]}}],"collection":[{"href":"https:\/\/icemeat.az\/az\/wp-json\/wp\/v2\/product"}],"about":[{"href":"https:\/\/icemeat.az\/az\/wp-json\/wp\/v2\/types\/product"}],"replies":[{"embeddable":true,"href":"https:\/\/icemeat.az\/az\/wp-json\/wp\/v2\/comments?post=3166"}],"wp:featuredmedia":[{"embeddable":true,"href":"https:\/\/icemeat.az\/az\/wp-json\/wp\/v2\/media\/3491"}],"wp:attachment":[{"href":"https:\/\/icemeat.az\/az\/wp-json\/wp\/v2\/media?parent=3166"}],"wp:term":[{"taxonomy":"product_brand","embeddable":true,"href":"https:\/\/icemeat.az\/az\/wp-json\/wp\/v2\/product_brand?post=3166"},{"taxonomy":"product_cat","embeddable":true,"href":"https:\/\/icemeat.az\/az\/wp-json\/wp\/v2\/product_cat?post=3166"},{"taxonomy":"product_tag","embeddable":true,"href":"https:\/\/icemeat.az\/az\/wp-json\/wp\/v2\/product_tag?post=3166"}],"curies":[{"name":"wp","href":"https:\/\/api.w.org\/{rel}","templated":true}]}}