{"id":3169,"date":"2025-02-25T23:25:41","date_gmt":"2025-02-25T23:25:41","guid":{"rendered":"https:\/\/icemeat.az.local\/product\/mal-%c9%99ti-qabirgasi\/"},"modified":"2025-02-25T23:25:41","modified_gmt":"2025-02-25T23:25:41","slug":"mal-%c9%99ti-qabirgasi","status":"publish","type":"product","link":"https:\/\/icemeat.az\/az\/product\/mal-%c9%99ti-qabirgasi\/","title":{"rendered":"Mal \u0259ti qab\u0131r\u011fas\u0131"},"content":{"rendered":"<p>S\u00fcm\u00fcks\u00fcz O.P. qab\u0131r\u011falar\u0131, 12 qab\u0131r\u011fal\u0131 \u00f6n \u00e7eyr\u0259k hiss\u0259sind\u0259n, 5-ci v\u0259 6-c\u0131 qab\u0131r\u011falar aras\u0131ndan g\u00f6t\u00fcr\u00fcl\u00fcr. O.P. qab\u0131r\u011falar\u0131n\u0131n eni, bel x\u0259ttin\u0259 paralel olaraq apar\u0131lan k\u0259sikl\u0259 m\u00fc\u0259yy\u0259n edilir. Z\u0259ncir s\u00fcm\u00fcy\u00fc tamamil\u0259 \u00e7\u0131xar\u0131l\u0131r ki, l\u0259l\u0259k s\u00fcm\u00fckl\u0259ri qab\u0131r\u011fa s\u00fcm\u00fckl\u0259rind\u0259n ayr\u0131lm\u0131\u015f olsun.<\/p>\n","protected":false},"excerpt":{"rendered":"<p>S\u00fcm\u00fcks\u00fcz O.P. qab\u0131r\u011falar\u0131, 12 qab\u0131r\u011fal\u0131 \u00f6n \u00e7eyr\u0259k hiss\u0259sind\u0259n, 5-ci v\u0259 6-c\u0131 qab\u0131r\u011falar aras\u0131ndan g\u00f6t\u00fcr\u00fcl\u00fcr. O.P. qab\u0131r\u011falar\u0131n\u0131n eni, bel x\u0259ttin\u0259 paralel<\/p>\n","protected":false},"featured_media":3537,"comment_status":"open","ping_status":"closed","template":"","meta":[],"product_brand":[],"product_cat":[41],"product_tag":[],"class_list":{"0":"post-3169","1":"product","2":"type-product","3":"status-publish","4":"has-post-thumbnail","6":"product_cat-mal-ti-mhsullari","8":"first","9":"instock","10":"shipping-taxable","11":"purchasable","12":"product-type-simple"},"_links":{"self":[{"href":"https:\/\/icemeat.az\/az\/wp-json\/wp\/v2\/product\/3169","targetHints":{"allow":["GET"]}}],"collection":[{"href":"https:\/\/icemeat.az\/az\/wp-json\/wp\/v2\/product"}],"about":[{"href":"https:\/\/icemeat.az\/az\/wp-json\/wp\/v2\/types\/product"}],"replies":[{"embeddable":true,"href":"https:\/\/icemeat.az\/az\/wp-json\/wp\/v2\/comments?post=3169"}],"wp:featuredmedia":[{"embeddable":true,"href":"https:\/\/icemeat.az\/az\/wp-json\/wp\/v2\/media\/3537"}],"wp:attachment":[{"href":"https:\/\/icemeat.az\/az\/wp-json\/wp\/v2\/media?parent=3169"}],"wp:term":[{"taxonomy":"product_brand","embeddable":true,"href":"https:\/\/icemeat.az\/az\/wp-json\/wp\/v2\/product_brand?post=3169"},{"taxonomy":"product_cat","embeddable":true,"href":"https:\/\/icemeat.az\/az\/wp-json\/wp\/v2\/product_cat?post=3169"},{"taxonomy":"product_tag","embeddable":true,"href":"https:\/\/icemeat.az\/az\/wp-json\/wp\/v2\/product_tag?post=3169"}],"curies":[{"name":"wp","href":"https:\/\/api.w.org\/{rel}","templated":true}]}}