{"id":3171,"date":"2025-02-25T23:25:41","date_gmt":"2025-02-25T23:25:41","guid":{"rendered":"https:\/\/icemeat.az.local\/product\/mal-%c9%99ti-ciyin-hiss%c9%99si\/"},"modified":"2025-02-25T23:25:41","modified_gmt":"2025-02-25T23:25:41","slug":"mal-%c9%99ti-ciyin-hiss%c9%99si","status":"publish","type":"product","link":"https:\/\/icemeat.az\/az\/product\/mal-%c9%99ti-ciyin-hiss%c9%99si\/","title":{"rendered":"Mal \u0259ti \u00e7iyin hiss\u0259si"},"content":{"rendered":"<p>S\u00fcm\u00fcks\u00fcz \u00e7iyin hiss\u0259si<br \/>\n\u00c7iyin \u0259ti, k\u00fcr\u0259k s\u00fcm\u00fcy\u00fcn\u00fcn xarici t\u0259r\u0259find\u0259n \u00e7\u0131xar\u0131lan v\u0259 \u00f6n ayaq oyna\u011f\u0131ndan k\u00fcr\u0259k s\u00fcm\u00fcy\u00fcn\u00fcn q\u0131\u011f\u0131rdaq ucuna q\u0259d\u0259r uzanan iri \u0259z\u0259l\u0259l\u0259rd\u0259n ibar\u0259tdir. \u00c7iyin oyna\u011f\u0131n\u0131n ucundak\u0131 qal\u0131n, a\u00e7\u0131q v\u0259ziyy\u0259td\u0259 olan v\u0259t\u0259rl\u0259r \u00e7\u0131xar\u0131l\u0131r.<\/p>\n","protected":false},"excerpt":{"rendered":"<p>S\u00fcm\u00fcks\u00fcz \u00e7iyin hiss\u0259si \u00c7iyin \u0259ti, k\u00fcr\u0259k s\u00fcm\u00fcy\u00fcn\u00fcn xarici t\u0259r\u0259find\u0259n \u00e7\u0131xar\u0131lan v\u0259 \u00f6n ayaq oyna\u011f\u0131ndan k\u00fcr\u0259k s\u00fcm\u00fcy\u00fcn\u00fcn q\u0131\u011f\u0131rdaq ucuna q\u0259d\u0259r uzanan<\/p>\n","protected":false},"featured_media":3470,"comment_status":"open","ping_status":"closed","template":"","meta":[],"product_brand":[],"product_cat":[41],"product_tag":[],"class_list":{"0":"post-3171","1":"product","2":"type-product","3":"status-publish","4":"has-post-thumbnail","6":"product_cat-mal-ti-mhsullari","8":"first","9":"instock","10":"shipping-taxable","11":"purchasable","12":"product-type-simple"},"_links":{"self":[{"href":"https:\/\/icemeat.az\/az\/wp-json\/wp\/v2\/product\/3171","targetHints":{"allow":["GET"]}}],"collection":[{"href":"https:\/\/icemeat.az\/az\/wp-json\/wp\/v2\/product"}],"about":[{"href":"https:\/\/icemeat.az\/az\/wp-json\/wp\/v2\/types\/product"}],"replies":[{"embeddable":true,"href":"https:\/\/icemeat.az\/az\/wp-json\/wp\/v2\/comments?post=3171"}],"wp:featuredmedia":[{"embeddable":true,"href":"https:\/\/icemeat.az\/az\/wp-json\/wp\/v2\/media\/3470"}],"wp:attachment":[{"href":"https:\/\/icemeat.az\/az\/wp-json\/wp\/v2\/media?parent=3171"}],"wp:term":[{"taxonomy":"product_brand","embeddable":true,"href":"https:\/\/icemeat.az\/az\/wp-json\/wp\/v2\/product_brand?post=3171"},{"taxonomy":"product_cat","embeddable":true,"href":"https:\/\/icemeat.az\/az\/wp-json\/wp\/v2\/product_cat?post=3171"},{"taxonomy":"product_tag","embeddable":true,"href":"https:\/\/icemeat.az\/az\/wp-json\/wp\/v2\/product_tag?post=3171"}],"curies":[{"name":"wp","href":"https:\/\/api.w.org\/{rel}","templated":true}]}}