{"id":3182,"date":"2025-02-25T23:25:40","date_gmt":"2025-02-25T23:25:40","guid":{"rendered":"https:\/\/icemeat.az.local\/product\/noar\/"},"modified":"2025-02-25T23:25:40","modified_gmt":"2025-02-25T23:25:40","slug":"noar","status":"publish","type":"product","link":"https:\/\/icemeat.az\/az\/product\/noar\/","title":{"rendered":"Noar"},"content":{"rendered":"<p>Noar (b\u0259zi b\u00f6lg\u0259l\u0259rd\u0259 rostbif kimi d\u0259 tan\u0131n\u0131r) ad\u0259t\u0259n, tez-tez (rostbif) in\u0259yin sirloin, \u00fcst-\u00fcst\u0259 d\u00fc\u015fm\u0259si v\u0259 ya qab\u0131r\u011fas\u0131 hiss\u0259l\u0259rind\u0259n g\u00f6t\u00fcr\u00fclm\u00fc\u015f bir qovurma mal \u0259ti k\u0259silmi\u015f bir mal \u0259ti k\u0259silir. Tez-tez qovurma, q\u0131zartma v\u0259 ya yava\u015f bi\u015firm\u0259 \u00fc\u00e7\u00fcn istifad\u0259 olunan ar\u0131q, tender v\u0259 l\u0259zz\u0259tli bir k\u0259sikdir.<\/p>\n","protected":false},"excerpt":{"rendered":"<p>Noar (b\u0259zi b\u00f6lg\u0259l\u0259rd\u0259 rostbif kimi d\u0259 tan\u0131n\u0131r) ad\u0259t\u0259n, tez-tez (rostbif) in\u0259yin sirloin, \u00fcst-\u00fcst\u0259 d\u00fc\u015fm\u0259si v\u0259 ya qab\u0131r\u011fas\u0131 hiss\u0259l\u0259rind\u0259n g\u00f6t\u00fcr\u00fclm\u00fc\u015f bir<\/p>\n","protected":false},"featured_media":3582,"comment_status":"open","ping_status":"closed","template":"","meta":[],"product_brand":[],"product_cat":[41],"product_tag":[],"class_list":{"0":"post-3182","1":"product","2":"type-product","3":"status-publish","4":"has-post-thumbnail","6":"product_cat-mal-ti-mhsullari","8":"first","9":"instock","10":"shipping-taxable","11":"purchasable","12":"product-type-simple"},"_links":{"self":[{"href":"https:\/\/icemeat.az\/az\/wp-json\/wp\/v2\/product\/3182","targetHints":{"allow":["GET"]}}],"collection":[{"href":"https:\/\/icemeat.az\/az\/wp-json\/wp\/v2\/product"}],"about":[{"href":"https:\/\/icemeat.az\/az\/wp-json\/wp\/v2\/types\/product"}],"replies":[{"embeddable":true,"href":"https:\/\/icemeat.az\/az\/wp-json\/wp\/v2\/comments?post=3182"}],"wp:featuredmedia":[{"embeddable":true,"href":"https:\/\/icemeat.az\/az\/wp-json\/wp\/v2\/media\/3582"}],"wp:attachment":[{"href":"https:\/\/icemeat.az\/az\/wp-json\/wp\/v2\/media?parent=3182"}],"wp:term":[{"taxonomy":"product_brand","embeddable":true,"href":"https:\/\/icemeat.az\/az\/wp-json\/wp\/v2\/product_brand?post=3182"},{"taxonomy":"product_cat","embeddable":true,"href":"https:\/\/icemeat.az\/az\/wp-json\/wp\/v2\/product_cat?post=3182"},{"taxonomy":"product_tag","embeddable":true,"href":"https:\/\/icemeat.az\/az\/wp-json\/wp\/v2\/product_tag?post=3182"}],"curies":[{"name":"wp","href":"https:\/\/api.w.org\/{rel}","templated":true}]}}