{"id":3183,"date":"2025-02-25T23:25:40","date_gmt":"2025-02-25T23:25:40","guid":{"rendered":"https:\/\/icemeat.az.local\/product\/silverside\/"},"modified":"2025-02-25T23:25:40","modified_gmt":"2025-02-25T23:25:40","slug":"silverside","status":"publish","type":"product","link":"https:\/\/icemeat.az\/az\/product\/silverside\/","title":{"rendered":"Silverside"},"content":{"rendered":"<p>Mal \u0259tinin silverside k\u0259simi in\u0259kd\u0259 arxa hiss\u0259d\u0259n al\u0131n\u0131r v\u0259 topside hiss\u0259sind\u0259n bir az a\u015fa\u011f\u0131da yerl\u0259\u015fir. Bu, ya\u011fs\u0131z v\u0259 bir az s\u0259rt bir k\u0259simdir, \u00fcz\u0259rind\u0259 g\u00fcm\u00fc\u015f\u00fc ba\u011flay\u0131c\u0131 toxuma il\u0259 \u00f6rt\u00fclm\u00fc\u015fd\u00fcr ki, bu da ona ad\u0131n\u0131 verir. S\u0259rtliyin\u0259 g\u00f6r\u0259, silverside \u0259n yax\u015f\u0131 \u015f\u0259kild\u0259 yava\u015f bi\u015firm\u0259 \u00fcsullar\u0131 \u00fc\u00e7\u00fcn uy\u011fundur, m\u0259s\u0259l\u0259n, qaynad\u0131lma, qovurma v\u0259 ya sobada bi\u015firm\u0259. Qar\u0131\u015f\u0131q mal \u0259ti, qazan qovurma v\u0259 g\u00fcve\u00e7 etm\u0259k \u00fc\u00e7\u00fcn \u00fcmumiyy\u0259tl\u0259 istifad\u0259 olunur.<\/p>\n","protected":false},"excerpt":{"rendered":"<p>Mal \u0259tinin silverside k\u0259simi in\u0259kd\u0259 arxa hiss\u0259d\u0259n al\u0131n\u0131r v\u0259 topside hiss\u0259sind\u0259n bir az a\u015fa\u011f\u0131da yerl\u0259\u015fir. Bu, ya\u011fs\u0131z v\u0259 bir az<\/p>\n","protected":false},"featured_media":3567,"comment_status":"open","ping_status":"closed","template":"","meta":[],"product_brand":[],"product_cat":[41],"product_tag":[],"class_list":{"0":"post-3183","1":"product","2":"type-product","3":"status-publish","4":"has-post-thumbnail","6":"product_cat-mal-ti-mhsullari","8":"first","9":"instock","10":"shipping-taxable","11":"purchasable","12":"product-type-simple"},"_links":{"self":[{"href":"https:\/\/icemeat.az\/az\/wp-json\/wp\/v2\/product\/3183","targetHints":{"allow":["GET"]}}],"collection":[{"href":"https:\/\/icemeat.az\/az\/wp-json\/wp\/v2\/product"}],"about":[{"href":"https:\/\/icemeat.az\/az\/wp-json\/wp\/v2\/types\/product"}],"replies":[{"embeddable":true,"href":"https:\/\/icemeat.az\/az\/wp-json\/wp\/v2\/comments?post=3183"}],"wp:featuredmedia":[{"embeddable":true,"href":"https:\/\/icemeat.az\/az\/wp-json\/wp\/v2\/media\/3567"}],"wp:attachment":[{"href":"https:\/\/icemeat.az\/az\/wp-json\/wp\/v2\/media?parent=3183"}],"wp:term":[{"taxonomy":"product_brand","embeddable":true,"href":"https:\/\/icemeat.az\/az\/wp-json\/wp\/v2\/product_brand?post=3183"},{"taxonomy":"product_cat","embeddable":true,"href":"https:\/\/icemeat.az\/az\/wp-json\/wp\/v2\/product_cat?post=3183"},{"taxonomy":"product_tag","embeddable":true,"href":"https:\/\/icemeat.az\/az\/wp-json\/wp\/v2\/product_tag?post=3183"}],"curies":[{"name":"wp","href":"https:\/\/api.w.org\/{rel}","templated":true}]}}