{"id":3184,"date":"2025-02-25T23:25:40","date_gmt":"2025-02-25T23:25:40","guid":{"rendered":"https:\/\/icemeat.az.local\/product\/silver-side\/"},"modified":"2025-02-25T23:25:40","modified_gmt":"2025-02-25T23:25:40","slug":"silver-side","status":"publish","type":"product","link":"https:\/\/icemeat.az\/az\/product\/silver-side\/","title":{"rendered":"Silver side"},"content":{"rendered":"<p>S\u00fcm\u00fcks\u00fcz<br \/>\nBu, i\u00e7 v\u0259 xarici yuvarlaq hiss\u0259l\u0259r \u00e7\u0131xar\u0131ld\u0131qdan sonra, femur s\u00fcm\u00fcy\u00fcn\u00fcn qar\u015f\u0131s\u0131nda qalan s\u00fcm\u00fcks\u00fcz yuvarlaq k\u0259simidir. Patella, oyna\u011f\u0131n kapsulu v\u0259 v\u0259t\u0259rl\u0259r \u00e7\u0131xar\u0131l\u0131r. D\u00fcy\u00fcnl\u00fc k\u0259sim b\u00fct\u00fcn xarici ya\u011f\u0131, dodaq v\u0259 \u00f6rt\u00fck (tor) \u0259z\u0259l\u0259l\u0259ri il\u0259 \u0259laq\u0259li ya\u011f\u0131 v\u0259 prekrural bezini t\u0259mizl\u0259nir.<\/p>\n","protected":false},"excerpt":{"rendered":"<p>S\u00fcm\u00fcks\u00fcz Bu, i\u00e7 v\u0259 xarici yuvarlaq hiss\u0259l\u0259r \u00e7\u0131xar\u0131ld\u0131qdan sonra, femur s\u00fcm\u00fcy\u00fcn\u00fcn qar\u015f\u0131s\u0131nda qalan s\u00fcm\u00fcks\u00fcz yuvarlaq k\u0259simidir. Patella, oyna\u011f\u0131n kapsulu v\u0259<\/p>\n","protected":false},"featured_media":3576,"comment_status":"open","ping_status":"closed","template":"","meta":[],"product_brand":[],"product_cat":[41],"product_tag":[],"class_list":{"0":"post-3184","1":"product","2":"type-product","3":"status-publish","4":"has-post-thumbnail","6":"product_cat-mal-ti-mhsullari","8":"first","9":"instock","10":"shipping-taxable","11":"purchasable","12":"product-type-simple"},"_links":{"self":[{"href":"https:\/\/icemeat.az\/az\/wp-json\/wp\/v2\/product\/3184","targetHints":{"allow":["GET"]}}],"collection":[{"href":"https:\/\/icemeat.az\/az\/wp-json\/wp\/v2\/product"}],"about":[{"href":"https:\/\/icemeat.az\/az\/wp-json\/wp\/v2\/types\/product"}],"replies":[{"embeddable":true,"href":"https:\/\/icemeat.az\/az\/wp-json\/wp\/v2\/comments?post=3184"}],"wp:featuredmedia":[{"embeddable":true,"href":"https:\/\/icemeat.az\/az\/wp-json\/wp\/v2\/media\/3576"}],"wp:attachment":[{"href":"https:\/\/icemeat.az\/az\/wp-json\/wp\/v2\/media?parent=3184"}],"wp:term":[{"taxonomy":"product_brand","embeddable":true,"href":"https:\/\/icemeat.az\/az\/wp-json\/wp\/v2\/product_brand?post=3184"},{"taxonomy":"product_cat","embeddable":true,"href":"https:\/\/icemeat.az\/az\/wp-json\/wp\/v2\/product_cat?post=3184"},{"taxonomy":"product_tag","embeddable":true,"href":"https:\/\/icemeat.az\/az\/wp-json\/wp\/v2\/product_tag?post=3184"}],"curies":[{"name":"wp","href":"https:\/\/api.w.org\/{rel}","templated":true}]}}