{"id":3185,"date":"2025-02-25T23:25:40","date_gmt":"2025-02-25T23:25:40","guid":{"rendered":"https:\/\/icemeat.az.local\/product\/rump\/"},"modified":"2025-02-25T23:25:40","modified_gmt":"2025-02-25T23:25:40","slug":"rump","status":"publish","type":"product","link":"https:\/\/icemeat.az\/az\/product\/rump\/","title":{"rendered":"Rump"},"content":{"rendered":"<p>S\u00fcm\u00fcks\u00fcz<br \/>\nRump \u201cD\u201d k\u0259simi, sirloin butt il\u0259 eyni \u015f\u0259kild\u0259 \u0259ld\u0259 edilir, amma rump\u0131n arxa hiss\u0259si v\u0259 quyruq tamamil\u0259 \u00e7\u0131xar\u0131l\u0131r.<\/p>\n","protected":false},"excerpt":{"rendered":"<p>S\u00fcm\u00fcks\u00fcz Rump \u201cD\u201d k\u0259simi, sirloin butt il\u0259 eyni \u015f\u0259kild\u0259 \u0259ld\u0259 edilir, amma rump\u0131n arxa hiss\u0259si v\u0259 quyruq tamamil\u0259 \u00e7\u0131xar\u0131l\u0131r.<\/p>\n","protected":false},"featured_media":3561,"comment_status":"open","ping_status":"closed","template":"","meta":[],"product_brand":[],"product_cat":[41],"product_tag":[],"class_list":{"0":"post-3185","1":"product","2":"type-product","3":"status-publish","4":"has-post-thumbnail","6":"product_cat-mal-ti-mhsullari","8":"first","9":"instock","10":"shipping-taxable","11":"purchasable","12":"product-type-simple"},"_links":{"self":[{"href":"https:\/\/icemeat.az\/az\/wp-json\/wp\/v2\/product\/3185","targetHints":{"allow":["GET"]}}],"collection":[{"href":"https:\/\/icemeat.az\/az\/wp-json\/wp\/v2\/product"}],"about":[{"href":"https:\/\/icemeat.az\/az\/wp-json\/wp\/v2\/types\/product"}],"replies":[{"embeddable":true,"href":"https:\/\/icemeat.az\/az\/wp-json\/wp\/v2\/comments?post=3185"}],"wp:featuredmedia":[{"embeddable":true,"href":"https:\/\/icemeat.az\/az\/wp-json\/wp\/v2\/media\/3561"}],"wp:attachment":[{"href":"https:\/\/icemeat.az\/az\/wp-json\/wp\/v2\/media?parent=3185"}],"wp:term":[{"taxonomy":"product_brand","embeddable":true,"href":"https:\/\/icemeat.az\/az\/wp-json\/wp\/v2\/product_brand?post=3185"},{"taxonomy":"product_cat","embeddable":true,"href":"https:\/\/icemeat.az\/az\/wp-json\/wp\/v2\/product_cat?post=3185"},{"taxonomy":"product_tag","embeddable":true,"href":"https:\/\/icemeat.az\/az\/wp-json\/wp\/v2\/product_tag?post=3185"}],"curies":[{"name":"wp","href":"https:\/\/api.w.org\/{rel}","templated":true}]}}