{"id":3188,"date":"2025-02-25T23:25:40","date_gmt":"2025-02-25T23:25:40","guid":{"rendered":"https:\/\/icemeat.az.local\/product\/k%c9%99silm%c9%99\/"},"modified":"2025-02-25T23:25:40","modified_gmt":"2025-02-25T23:25:40","slug":"k%c9%99silm%c9%99","status":"publish","type":"product","link":"https:\/\/icemeat.az\/az\/product\/k%c9%99silm%c9%99\/","title":{"rendered":"K\u0259silm\u0259"},"content":{"rendered":"<div>K\u0259silm\u0259S\u00fcm\u00fcks\u00fcz Mal \u018fti K\u0259silm\u0259si: Texnikalar v\u0259 \u018fn Yax\u015f\u0131 T\u0259cr\u00fcb\u0259l\u0259r<\/div>\n<div><\/div>\n<div>S\u00fcm\u00fcks\u00fcz mal \u0259ti k\u0259silm\u0259si, \u0259lav\u0259 ya\u011f, ba\u011flay\u0131c\u0131 toxuma, tendensiya v\u0259 ist\u0259nilm\u0259y\u0259n hiss\u0259l\u0259rin \u00e7\u0131xar\u0131lmas\u0131 prosesidir. Bu, \u0259tin keyfiyy\u0259tini, davaml\u0131l\u0131\u011f\u0131n\u0131 v\u0259 istifad\u0259ni art\u0131rmaq m\u0259qs\u0259di il\u0259 edilir. D\u00fczg\u00fcn k\u0259silm\u0259, daha yax\u015f\u0131 tekstura, yum\u015faql\u0131q v\u0259 b\u0259rab\u0259r bi\u015firm\u0259 t\u0259min edir.<\/div>\n<div><\/div>\n<div>S\u00fcm\u00fcks\u00fcz Mal \u018fti K\u0259silm\u0259sinin \u018fsas Add\u0131mlar\u0131:<\/div>\n<div>1. Ya\u011f K\u0259silm\u0259si<\/div>\n<div> Sert ya\u011f (qal\u0131n xarici ya\u011f) \u0259t daha az ya\u011fl\u0131 olsun dey\u0259 \u00e7\u0131xar\u0131l\u0131r.<\/div>\n<div> Yum\u015faq ya\u011f (\u0259zm\u0259 ya\u011f\u0131\/marblinq) dad v\u0259 n\u0259mlik \u00fc\u00e7\u00fcn saxlan\u0131l\u0131r.<\/div>\n<div> Tez-tez k\u0259sil\u0259n k\u0259siml\u0259r: Ribeye, Striploin, Sirloin, Chuck, Brisket.<\/div>\n<div>2. Q\u0131z\u0131l D\u0259ri v\u0259 Ba\u011flay\u0131c\u0131 Toxuman\u0131n Aradan Qald\u0131r\u0131lmas\u0131<\/div>\n<div> Q\u0131z\u0131l d\u0259ri, bi\u015firm\u0259 zaman\u0131 da\u011f\u0131lmayan s\u0259rt bir t\u0259b\u0259q\u0259dir.<\/div>\n<div> Q\u0131z\u0131l d\u0259ri tenderloin, top round, sirloin v\u0259 knuckle (nuar) \u0259ti hiss\u0259l\u0259rind\u0259 tap\u0131l\u0131r.<\/div>\n<div> Q\u0131z\u0131l d\u0259ri, \u0259t itkisini qar\u015f\u0131s\u0131n\u0131 almaq \u00fc\u00e7\u00fcn k\u0259skin s\u00fcm\u00fck b\u0131\u00e7a\u011f\u0131 il\u0259 diqq\u0259tl\u0259 \u00e7\u0131xar\u0131lmal\u0131d\u0131r.<\/div>\n<div>3. Q\u0131r\u0131nt\u0131 v\u0259 Tendensiyan\u0131n Aradan Qald\u0131r\u0131lmas\u0131<\/div>\n<div> S\u0259rt, yeyil\u0259 bilm\u0259y\u0259n hiss\u0259l\u0259r \u0259t\u0259 \u00e7eyn\u0259nm\u0259si \u00e7\u0259tin olan bir toxuma \u0259lav\u0259 edir.<\/div>\n<div> Bu, flank steak, shank, chuck v\u0259 brisket \u0259t hiss\u0259l\u0259ri \u00fc\u00e7\u00fcn vacibdir.<\/div>\n<div>4. Hiss\u0259l\u0259r\u0259 B\u00f6lm\u0259 v\u0259 Formalama<\/div>\n<div> B\u0259rab\u0259r bi\u015firm\u0259 v\u0259 t\u0259qdimat \u00fc\u00e7\u00fcn \u0259dal\u0259tli steak \u00f6l\u00e7\u00fcl\u0259rini t\u0259min edir.<\/div>\n<div> Steakl\u0259r, qovurmalar v\u0259 qar\u0131\u015fd\u0131r\u0131lm\u0131\u015f yem\u0259kl\u0259r \u00fc\u00e7\u00fcn vacibdir.<\/div>\n<div><\/div>\n<div>Mal \u0259ti k\u0259siml\u0259ri \u00fc\u00e7\u00fcn istifad\u0259 sah\u0259l\u0259ri:<\/div>\n<ul>\n<li>\u018ft \u00e7\u0259kimi istehsal\u0131 (ya\u011fs\u0131z v\u0259 ya ya\u011fl\u0131 qar\u0131\u015f\u0131qlar).<\/li>\n<li>Sosisl\u0259r, hamburgerl\u0259r v\u0259 emal edilmi\u015f \u0259t.<\/li>\n<li>Mal \u0259ti bulyonu, \u015forbas\u0131 v\u0259 bi\u015firm\u0259 \u00fc\u00e7\u00fcn \u0259ridilmi\u015f ya\u011f.<\/li>\n<\/ul>\n","protected":false},"excerpt":{"rendered":"<p>K\u0259silm\u0259S\u00fcm\u00fcks\u00fcz Mal \u018fti K\u0259silm\u0259si: Texnikalar v\u0259 \u018fn Yax\u015f\u0131 T\u0259cr\u00fcb\u0259l\u0259r S\u00fcm\u00fcks\u00fcz mal \u0259ti k\u0259silm\u0259si, \u0259lav\u0259 ya\u011f, ba\u011flay\u0131c\u0131 toxuma, tendensiya v\u0259 ist\u0259nilm\u0259y\u0259n<\/p>\n","protected":false},"featured_media":3497,"comment_status":"open","ping_status":"closed","template":"","meta":[],"product_brand":[],"product_cat":[41],"product_tag":[],"class_list":{"0":"post-3188","1":"product","2":"type-product","3":"status-publish","4":"has-post-thumbnail","6":"product_cat-mal-ti-mhsullari","8":"first","9":"instock","10":"shipping-taxable","11":"purchasable","12":"product-type-simple"},"_links":{"self":[{"href":"https:\/\/icemeat.az\/az\/wp-json\/wp\/v2\/product\/3188","targetHints":{"allow":["GET"]}}],"collection":[{"href":"https:\/\/icemeat.az\/az\/wp-json\/wp\/v2\/product"}],"about":[{"href":"https:\/\/icemeat.az\/az\/wp-json\/wp\/v2\/types\/product"}],"replies":[{"embeddable":true,"href":"https:\/\/icemeat.az\/az\/wp-json\/wp\/v2\/comments?post=3188"}],"wp:featuredmedia":[{"embeddable":true,"href":"https:\/\/icemeat.az\/az\/wp-json\/wp\/v2\/media\/3497"}],"wp:attachment":[{"href":"https:\/\/icemeat.az\/az\/wp-json\/wp\/v2\/media?parent=3188"}],"wp:term":[{"taxonomy":"product_brand","embeddable":true,"href":"https:\/\/icemeat.az\/az\/wp-json\/wp\/v2\/product_brand?post=3188"},{"taxonomy":"product_cat","embeddable":true,"href":"https:\/\/icemeat.az\/az\/wp-json\/wp\/v2\/product_cat?post=3188"},{"taxonomy":"product_tag","embeddable":true,"href":"https:\/\/icemeat.az\/az\/wp-json\/wp\/v2\/product_tag?post=3188"}],"curies":[{"name":"wp","href":"https:\/\/api.w.org\/{rel}","templated":true}]}}