{"id":3189,"date":"2025-02-25T23:25:40","date_gmt":"2025-02-25T23:25:40","guid":{"rendered":"https:\/\/icemeat.az.local\/product\/can-%c9%99ti\/"},"modified":"2025-02-25T23:25:40","modified_gmt":"2025-02-25T23:25:40","slug":"can-%c9%99ti","status":"publish","type":"product","link":"https:\/\/icemeat.az\/az\/product\/can-%c9%99ti\/","title":{"rendered":"Can \u0259ti"},"content":{"rendered":"<p>S\u00fcm\u00fcks\u00fcz<br \/>\nTam tenderloin, b\u00fct\u00fcn arxa v\u0259 bel hiss\u0259sind\u0259n bir par\u00e7a olaraq \u00e7\u0131xar\u0131l\u0131r v\u0259 ya\u011flar\u0131ndan t\u0259mizl\u0259nir.<\/p>\n","protected":false},"excerpt":{"rendered":"<p>S\u00fcm\u00fcks\u00fcz Tam tenderloin, b\u00fct\u00fcn arxa v\u0259 bel hiss\u0259sind\u0259n bir par\u00e7a olaraq \u00e7\u0131xar\u0131l\u0131r v\u0259 ya\u011flar\u0131ndan t\u0259mizl\u0259nir.<\/p>\n","protected":false},"featured_media":3579,"comment_status":"open","ping_status":"closed","template":"","meta":[],"product_brand":[],"product_cat":[41],"product_tag":[],"class_list":{"0":"post-3189","1":"product","2":"type-product","3":"status-publish","4":"has-post-thumbnail","6":"product_cat-mal-ti-mhsullari","8":"first","9":"instock","10":"shipping-taxable","11":"purchasable","12":"product-type-simple"},"_links":{"self":[{"href":"https:\/\/icemeat.az\/az\/wp-json\/wp\/v2\/product\/3189","targetHints":{"allow":["GET"]}}],"collection":[{"href":"https:\/\/icemeat.az\/az\/wp-json\/wp\/v2\/product"}],"about":[{"href":"https:\/\/icemeat.az\/az\/wp-json\/wp\/v2\/types\/product"}],"replies":[{"embeddable":true,"href":"https:\/\/icemeat.az\/az\/wp-json\/wp\/v2\/comments?post=3189"}],"wp:featuredmedia":[{"embeddable":true,"href":"https:\/\/icemeat.az\/az\/wp-json\/wp\/v2\/media\/3579"}],"wp:attachment":[{"href":"https:\/\/icemeat.az\/az\/wp-json\/wp\/v2\/media?parent=3189"}],"wp:term":[{"taxonomy":"product_brand","embeddable":true,"href":"https:\/\/icemeat.az\/az\/wp-json\/wp\/v2\/product_brand?post=3189"},{"taxonomy":"product_cat","embeddable":true,"href":"https:\/\/icemeat.az\/az\/wp-json\/wp\/v2\/product_cat?post=3189"},{"taxonomy":"product_tag","embeddable":true,"href":"https:\/\/icemeat.az\/az\/wp-json\/wp\/v2\/product_tag?post=3189"}],"curies":[{"name":"wp","href":"https:\/\/api.w.org\/{rel}","templated":true}]}}