{"id":3192,"date":"2025-02-25T23:25:40","date_gmt":"2025-02-25T23:25:40","guid":{"rendered":"https:\/\/icemeat.az.local\/product\/toyuq\/"},"modified":"2025-02-25T23:25:40","modified_gmt":"2025-02-25T23:25:40","slug":"toyuq","status":"publish","type":"product","link":"https:\/\/icemeat.az\/az\/product\/toyuq\/","title":{"rendered":"Toyuq"},"content":{"rendered":"<div>Buzlu Toyuqa \u00dcmumi Bax\u0131\u015f<\/div>\n<div><\/div>\n<div>Buzlu tam toyuq, t\u0259mizl\u0259nmi\u015f, t\u00fckl\u0259ri t\u0259mizl\u0259nmi\u015f v\u0259 t\u0259z\u0259liyi qorumaq v\u0259 raf \u00f6mr\u00fcn\u00fc uzatmaq \u00fc\u00e7\u00fcn s\u00fcr\u0259tl\u0259 dondurulmu\u015f i\u015fl\u0259nmi\u015f toyuqdur. Bu, h\u0259m evd\u0259, h\u0259m d\u0259 ticar\u0259t m\u0259tb\u0259xl\u0259rind\u0259 m\u00fcxt\u0259lif yem\u0259k haz\u0131rlama \u00fcsullar\u0131 \u00fc\u00e7\u00fcn geni\u015f istifad\u0259 olunur.<\/div>\n<div><\/div>\n<div>\u018fsas X\u00fcsusiyy\u0259tl\u0259r:<\/div>\n<div>\u2022Saxlama: T\u0259hl\u00fck\u0259sizlik v\u0259 keyfiyy\u0259ti t\u0259min etm\u0259k \u00fc\u00e7\u00fcn -18\u00b0C-d\u0259n a\u015fa\u011f\u0131 temperaturda saxlan\u0131l\u0131r.<\/div>\n<div>\u2022Raf \u00d6mr\u00fc: D\u00fczg\u00fcn saxlan\u0131ld\u0131qda, ad\u0259t\u0259n 6-12 ay davam edir.<\/div>\n<div>\u2022\u00c7\u0259ki Kateqoriyalar\u0131: M\u00fcxt\u0259lif \u00f6l\u00e7\u00fcl\u0259rd\u0259 m\u00f6vcuddur, \u00fcmumiyy\u0259tl\u0259 1.0 kq-dan 3.5 kq-a v\u0259 ya daha \u00e7ox \u00f6l\u00e7\u00fcd\u0259dir.<\/div>\n<div><\/div>\n<div>Paketl\u0259m\u0259 Se\u00e7iml\u0259ri:<\/div>\n<div>\u2022Vakumla Qapal\u0131: Dondurucu yan\u0131\u011f\u0131n\u0131 qar\u015f\u0131s\u0131n\u0131 al\u0131r v\u0259 keyfiyy\u0259ti saxlay\u0131r.<\/div>\n<div>\u2022Poliqatran v\u0259 ya Plastik Sar\u011f\u0131: P\u0259rak\u0259nd\u0259 sat\u0131\u015f \u00fc\u00e7\u00fcn geni\u015f istifad\u0259 olunur.<\/div>\n<div>\u2022Karton Qabla\u015fd\u0131rma: Ad\u0259t\u0259n topdansat\u0131\u015f v\u0259 ixrac \u00fc\u00e7\u00fcn istifad\u0259 olunur, bir ne\u00e7\u0259 tam toyuq ehtiva edir.<\/div>\n<div><\/div>\n<div>\u00dcmumi \u0130stifad\u0259 Sah\u0259l\u0259ri:<\/div>\n<div>\u2022Qovurma: B\u00fct\u00f6v toyuqlar ail\u0259 yem\u0259yi \u00fc\u00e7\u00fcn \u0259dviyyatland\u0131r\u0131l\u0131b qovurula bil\u0259r.<\/div>\n<div>\u2022Qril v\u0259 ya Barbek\u00fc: Marinadlan\u0131b qril \u00fcz\u0259rind\u0259 bi\u015firil\u0259 bil\u0259r.<\/div>\n<div>\u2022\u015eorba v\u0259 Bulionlar: Dadl\u0131 \u015forbalar haz\u0131rlamaq \u00fc\u00e7\u00fcn istifad\u0259 olunur.<\/div>\n<div>\u2022Hiss\u0259l\u0259r\u0259 K\u0259sm\u0259k: Restoranlar v\u0259 ya yem\u0259k haz\u0131rl\u0131\u011f\u0131 \u00fc\u00e7\u00fcn sin\u0259, bud, qanad v\u0259 s. olaraq hiss\u0259l\u0259r\u0259 b\u00f6l\u00fcnm\u0259si ideal\u0131d\u0131r.<\/div>\n<div><\/div>\n<div>Dondurulmu\u015f B\u00fct\u00f6v Toyuq Faydalar\u0131:<\/div>\n<div>\u2022Rahatl\u0131q: Uzun raf \u00f6mr\u00fc v\u0259 asan saxlama.<\/div>\n<div>\u2022\u00c7ox\u015fax\u0259lilik: F\u0259rqli reseptl\u0259rd\u0259, qovurmalardan qar\u0131\u015fd\u0131r\u0131lm\u0131\u015f yem\u0259kl\u0259r\u0259 q\u0259d\u0259r istifad\u0259 oluna bil\u0259r.<\/div>\n<div>\u2022M\u0259qs\u0259d\u0259uy\u011fun Qiym\u0259t: X\u00fcsusil\u0259 toplu al\u0131nd\u0131qda, t\u0259z\u0259 variantlardan daha s\u0259rf\u0259lidir.<\/div>\n","protected":false},"excerpt":{"rendered":"<p>Buzlu Toyuqa \u00dcmumi Bax\u0131\u015f Buzlu tam toyuq, t\u0259mizl\u0259nmi\u015f, t\u00fckl\u0259ri t\u0259mizl\u0259nmi\u015f v\u0259 t\u0259z\u0259liyi qorumaq v\u0259 raf \u00f6mr\u00fcn\u00fc uzatmaq \u00fc\u00e7\u00fcn s\u00fcr\u0259tl\u0259 dondurulmu\u015f<\/p>\n","protected":false},"featured_media":3552,"comment_status":"open","ping_status":"closed","template":"","meta":[],"product_brand":[],"product_cat":[42],"product_tag":[],"class_list":{"0":"post-3192","1":"product","2":"type-product","3":"status-publish","4":"has-post-thumbnail","6":"product_cat-toyuq-ti-mhsullari","8":"first","9":"instock","10":"shipping-taxable","11":"purchasable","12":"product-type-simple"},"_links":{"self":[{"href":"https:\/\/icemeat.az\/az\/wp-json\/wp\/v2\/product\/3192","targetHints":{"allow":["GET"]}}],"collection":[{"href":"https:\/\/icemeat.az\/az\/wp-json\/wp\/v2\/product"}],"about":[{"href":"https:\/\/icemeat.az\/az\/wp-json\/wp\/v2\/types\/product"}],"replies":[{"embeddable":true,"href":"https:\/\/icemeat.az\/az\/wp-json\/wp\/v2\/comments?post=3192"}],"wp:featuredmedia":[{"embeddable":true,"href":"https:\/\/icemeat.az\/az\/wp-json\/wp\/v2\/media\/3552"}],"wp:attachment":[{"href":"https:\/\/icemeat.az\/az\/wp-json\/wp\/v2\/media?parent=3192"}],"wp:term":[{"taxonomy":"product_brand","embeddable":true,"href":"https:\/\/icemeat.az\/az\/wp-json\/wp\/v2\/product_brand?post=3192"},{"taxonomy":"product_cat","embeddable":true,"href":"https:\/\/icemeat.az\/az\/wp-json\/wp\/v2\/product_cat?post=3192"},{"taxonomy":"product_tag","embeddable":true,"href":"https:\/\/icemeat.az\/az\/wp-json\/wp\/v2\/product_tag?post=3192"}],"curies":[{"name":"wp","href":"https:\/\/api.w.org\/{rel}","templated":true}]}}