{"id":3193,"date":"2025-02-25T23:25:40","date_gmt":"2025-02-25T23:25:40","guid":{"rendered":"https:\/\/icemeat.az.local\/product\/bud\/"},"modified":"2025-02-25T23:25:40","modified_gmt":"2025-02-25T23:25:40","slug":"bud","status":"publish","type":"product","link":"https:\/\/icemeat.az\/az\/product\/bud\/","title":{"rendered":"Bud"},"content":{"rendered":"<div>Dondurulmu\u015f toyuq bud \u00f6n hiss\u0259si \u00fcmumi bax\u0131\u015f<\/div>\n<div><\/div>\n<div>Dondurulmu\u015f toyuq ayaq \u00f6n hiss\u0259si, toyuqun budu v\u0259 ayaq hiss\u0259sind\u0259n ibar\u0259tdir, t\u0259mizl\u0259n\u0259r\u0259k t\u0259z\u0259liyi qorumaq v\u0259 saxlama m\u00fcdd\u0259tini uzatmaq \u00fc\u00e7\u00fcn dondurulur. Bu k\u0259sim, z\u0259ngin dad\u0131, yum\u015faql\u0131\u011f\u0131 v\u0259 m\u00fcxt\u0259lif kulinariya t\u0259tbiql\u0259rind\u0259 \u00e7ox y\u00f6nl\u00fc olmas\u0131 il\u0259 qiym\u0259tl\u0259ndirilir.<\/div>\n<div><\/div>\n<div>\u018fsas X\u00fcsusiyy\u0259tl\u0259r:<\/div>\n<div>\u2022 T\u0259rkibi: H\u0259m toyuq budu, h\u0259m d\u0259 ayaq hiss\u0259sini \u0259hat\u0259 edir.<\/div>\n<div>\u2022 Tekstura: Yum\u015faq v\u0259 \u015fir\u0259li, toyuq d\u00f6\u015f\u00fcn\u0259 nisb\u0259t\u0259n daha y\u00fcks\u0259k ya\u011f miqdar\u0131na malikdir, bu da dad\u0131 z\u0259nginl\u0259\u015fdirir.<\/div>\n<div>\u2022 Dad: Z\u0259ngin v\u0259 duzlu dad, onu m\u00fcxt\u0259lif yem\u0259kl\u0259r \u00fc\u00e7\u00fcn ideal edir.<\/div>\n<div>\u2022 Saxlama: Keyfiyy\u0259tin qorunmas\u0131 \u00fc\u00e7\u00fcn \u0259n yax\u015f\u0131 -18\u00b0C-d\u0259n a\u015fa\u011f\u0131 temperaturda saxlan\u0131lmal\u0131d\u0131r.<\/div>\n<div><\/div>\n<div>Paketl\u0259m\u0259 Se\u00e7iml\u0259ri:<\/div>\n<div>\u2022 Vakuumla Ba\u011flanm\u0131\u015f: Dondurulmu\u015f m\u0259hsulun donma yan\u0131\u011f\u0131na qar\u015f\u0131 qorunmas\u0131n\u0131 t\u0259min edir v\u0259 n\u0259mi qoruyur.<\/div>\n<div>\u2022 Poli\u0307et v\u0259 ya Plastik Qabla\u015fd\u0131rma: P\u0259rak\u0259nd\u0259 sat\u0131\u015f \u00fc\u00e7\u00fcn geni\u015f istifad\u0259 olunan paketl\u0259m\u0259 \u00fcsuludur.<\/div>\n<div>\u2022 Karton Qabla\u015fd\u0131rma: Topdan v\u0259 b\u00f6y\u00fck miqdarda paylanma \u00fc\u00e7\u00fcn istifad\u0259 olunur, bir ne\u00e7\u0259 ayaq \u00f6n hiss\u0259sini \u0259hat\u0259 edir.<\/div>\n<div><\/div>\n<div>\u00dcmumi \u0130stifad\u0259 Sah\u0259l\u0259ri:<\/div>\n<div>\u2022 Qovurma v\u0259 ya Sobada Bi\u015firm\u0259: B\u00fct\u00fcn halda \u0259dviyyatlarla haz\u0131rlay\u0131b qovrula bil\u0259r v\u0259 ya porsiyalara b\u00f6l\u00fcn\u00fcb sobada bi\u015firil\u0259 bil\u0259r.<\/div>\n<div>\u2022 Grill Etm\u0259: BBQ \u00fc\u00e7\u00fcn \u0259la se\u00e7imdir; marinadlanm\u0131\u015f toyuq ayaq \u00f6n hiss\u0259l\u0259ri grill \u00fc\u00e7\u00fcn populyard\u0131r.<\/div>\n<div>\u2022 Qaynad\u0131lm\u0131\u015f Yem\u0259kl\u0259r: Yum\u015faql\u0131\u011f\u0131na g\u00f6r\u0259, g\u00fcve\u00e7l\u0259r, kari v\u0259 kaserol yem\u0259kl\u0259ri \u00fc\u00e7\u00fcn m\u00fck\u0259mm\u0259l se\u00e7imdir.<\/div>\n<div>\u2022 \u015eorbalar v\u0259 Bulionlar: Toyuq \u015forbalar\u0131 v\u0259 bulionlar \u00fc\u00e7\u00fcn z\u0259ngin dad verir.<\/div>\n<div><\/div>\n<div>Dondurulmu\u015f Toyuq Bud \u00d6n Hiss\u0259sinin Faydalar\u0131:<\/div>\n<div>\u2022 Rahatl\u0131q: Uzun saxlama m\u00fcdd\u0259ti v\u0259 asan saxlan\u0131lmas\u0131, onu yem\u0259k haz\u0131rl\u0131\u011f\u0131 \u00fc\u00e7\u00fcn etibarl\u0131 bir se\u00e7im edir.<\/div>\n<div>\u2022 \u00c7ox Y\u00f6nl\u00fcl\u00fck: M\u00fcxt\u0259lif bi\u015firm\u0259 \u00fcsullar\u0131 v\u0259 reseptl\u0259r \u00fc\u00e7\u00fcn uy\u011fundur.<\/div>\n<div>\u2022 M\u0259qs\u0259d\u0259uy\u011fun Qiym\u0259t: X\u00fcsusil\u0259 topdan al\u0131nd\u0131\u011f\u0131nda, t\u0259z\u0259 m\u0259hsullara nisb\u0259t\u0259n daha s\u0259rf\u0259lidir.<\/div>\n","protected":false},"excerpt":{"rendered":"<p>Dondurulmu\u015f toyuq bud \u00f6n hiss\u0259si \u00fcmumi bax\u0131\u015f Dondurulmu\u015f toyuq ayaq \u00f6n hiss\u0259si, toyuqun budu v\u0259 ayaq hiss\u0259sind\u0259n ibar\u0259tdir, t\u0259mizl\u0259n\u0259r\u0259k t\u0259z\u0259liyi<\/p>\n","protected":false},"featured_media":3564,"comment_status":"open","ping_status":"closed","template":"","meta":[],"product_brand":[],"product_cat":[42],"product_tag":[],"class_list":{"0":"post-3193","1":"product","2":"type-product","3":"status-publish","4":"has-post-thumbnail","6":"product_cat-toyuq-ti-mhsullari","8":"first","9":"instock","10":"shipping-taxable","11":"purchasable","12":"product-type-simple"},"_links":{"self":[{"href":"https:\/\/icemeat.az\/az\/wp-json\/wp\/v2\/product\/3193","targetHints":{"allow":["GET"]}}],"collection":[{"href":"https:\/\/icemeat.az\/az\/wp-json\/wp\/v2\/product"}],"about":[{"href":"https:\/\/icemeat.az\/az\/wp-json\/wp\/v2\/types\/product"}],"replies":[{"embeddable":true,"href":"https:\/\/icemeat.az\/az\/wp-json\/wp\/v2\/comments?post=3193"}],"wp:featuredmedia":[{"embeddable":true,"href":"https:\/\/icemeat.az\/az\/wp-json\/wp\/v2\/media\/3564"}],"wp:attachment":[{"href":"https:\/\/icemeat.az\/az\/wp-json\/wp\/v2\/media?parent=3193"}],"wp:term":[{"taxonomy":"product_brand","embeddable":true,"href":"https:\/\/icemeat.az\/az\/wp-json\/wp\/v2\/product_brand?post=3193"},{"taxonomy":"product_cat","embeddable":true,"href":"https:\/\/icemeat.az\/az\/wp-json\/wp\/v2\/product_cat?post=3193"},{"taxonomy":"product_tag","embeddable":true,"href":"https:\/\/icemeat.az\/az\/wp-json\/wp\/v2\/product_tag?post=3193"}],"curies":[{"name":"wp","href":"https:\/\/api.w.org\/{rel}","templated":true}]}}