{"id":3195,"date":"2025-02-25T23:25:40","date_gmt":"2025-02-25T23:25:40","guid":{"rendered":"https:\/\/icemeat.az.local\/product\/file\/"},"modified":"2025-02-25T23:25:40","modified_gmt":"2025-02-25T23:25:40","slug":"file","status":"publish","type":"product","link":"https:\/\/icemeat.az\/az\/product\/file\/","title":{"rendered":"File"},"content":{"rendered":"<div>Toyuq filesinin x\u00fcsusiyy\u0259tl\u0259ri:<\/div>\n<div><\/div>\n<div>Toyuq filetosu, toyuq d\u00f6\u015f\u00fc v\u0259 ya budunun s\u00fcm\u00fcks\u00fcz, d\u0259risiz hiss\u0259sini ifad\u0259 edir. Bu hiss\u0259, ya\u011fs\u0131z, yum\u015faq v\u0259 \u00e7ox y\u00f6nl\u00fc x\u00fcsusiyy\u0259tl\u0259ri s\u0259b\u0259bind\u0259n m\u0259tb\u0259xd\u0259 geni\u015f \u015f\u0259kild\u0259 istifad\u0259 olunur. Bu, y\u00fcks\u0259k proteinli, az ya\u011fl\u0131 bir \u0259t oldu\u011fu \u00fc\u00e7\u00fcn h\u0259m evd\u0259, h\u0259m d\u0259 kommersiya qida istehsal\u0131nda populyard\u0131r.<\/div>\n<div><\/div>\n<div>Toyuq filesinin n\u00f6vl\u0259ri:<\/div>\n<div>1. D\u00f6\u015f filetosu \u2013 \u018fn yayg\u0131n n\u00f6vd\u00fcr, toyuq d\u00f6\u015f\u00fcnd\u0259n al\u0131n\u0131r v\u0259 ya\u011fs\u0131z, yum\u015faq teksturu il\u0259 tan\u0131n\u0131r.<\/div>\n<div>2. Daxili fileto (Tenderloin) \u2013 D\u00f6\u015f\u00fcn alt hiss\u0259sind\u0259 yerl\u0259\u015f\u0259n ki\u00e7ik v\u0259 yum\u015faq \u0259t zola\u011f\u0131d\u0131r, ad\u0259t\u0259n zolaqlar, nuggetl\u0259r v\u0259 l\u0259zz\u0259tli yem\u0259kl\u0259rd\u0259 istifad\u0259 olunur.<\/div>\n<div>3. Bud filetosu \u2013 Toyuq budundan al\u0131nan s\u00fcm\u00fcks\u00fcz k\u0259simdir, d\u00f6\u015f filetosuna nisb\u0259t\u0259n bir az daha \u015fir\u0259li v\u0259 dadl\u0131d\u0131r.<\/div>\n<div><\/div>\n<div>Paketl\u0259m\u0259 Se\u00e7iml\u0259ri:<\/div>\n<div>\u2022 T\u0259z\u0259 v\u0259 ya Soyudulmu\u015f \u2013 Q\u0131sa saxlama m\u00fcdd\u0259ti, 0\u20134\u00b0C-d\u0259 saxlan\u0131l\u0131r.<\/div>\n<div>\u2022 Dondurulmu\u015f \u2013 Vakuumla ba\u011flanm\u0131\u015f v\u0259 ya IQF (T\u0259k T\u0259k S\u00fcr\u0259tli Dondurulmu\u015f) metoduyla uzunm\u00fcdd\u0259tli saxlanma \u00fc\u00e7\u00fcn haz\u0131rlanm\u0131\u015fd\u0131r.<\/div>\n<div>\u2022 Marinadl\u0131 v\u0259 ya \u018fvv\u0259lc\u0259d\u0259n \u0259dviyyatl\u0131 \u2013 Rahatl\u0131q \u00fc\u00e7\u00fcn bi\u015firm\u0259y\u0259 haz\u0131r se\u00e7iml\u0259r.<\/div>\n<div><\/div>\n<div>\u00dcmumi \u0130stifad\u0259 Sah\u0259l\u0259ri:<\/div>\n<div><\/div>\n<div>\u2705 Grill edilmi\u015f, q\u0131zard\u0131lm\u0131\u015f v\u0259 ya sobada bi\u015firilmi\u015f \u0259sas yem\u0259kl\u0259r \u00fc\u00e7\u00fcn.<\/div>\n<div>\u2705 Zolaqlara v\u0259 ya kubikl\u0259r\u0259 do\u011franm\u0131\u015f salatlar, stir-fry yem\u0259kl\u0259ri v\u0259 sarma \u00fc\u00e7\u00fcn.<\/div>\n<div>\u2705 Emal olunmu\u015f m\u0259hsullarda, m\u0259s\u0259l\u0259n, toyuq nuggetl\u0259ri, \u015fnitsell\u0259r v\u0259 kabablarda istifad\u0259 olunur.<\/div>\n","protected":false},"excerpt":{"rendered":"<p>Toyuq filesinin x\u00fcsusiyy\u0259tl\u0259ri: Toyuq filetosu, toyuq d\u00f6\u015f\u00fc v\u0259 ya budunun s\u00fcm\u00fcks\u00fcz, d\u0259risiz hiss\u0259sini ifad\u0259 edir. Bu hiss\u0259, ya\u011fs\u0131z, yum\u015faq v\u0259<\/p>\n","protected":false},"featured_media":3546,"comment_status":"open","ping_status":"closed","template":"","meta":[],"product_brand":[],"product_cat":[42],"product_tag":[],"class_list":{"0":"post-3195","1":"product","2":"type-product","3":"status-publish","4":"has-post-thumbnail","6":"product_cat-toyuq-ti-mhsullari","8":"first","9":"instock","10":"shipping-taxable","11":"purchasable","12":"product-type-simple"},"_links":{"self":[{"href":"https:\/\/icemeat.az\/az\/wp-json\/wp\/v2\/product\/3195","targetHints":{"allow":["GET"]}}],"collection":[{"href":"https:\/\/icemeat.az\/az\/wp-json\/wp\/v2\/product"}],"about":[{"href":"https:\/\/icemeat.az\/az\/wp-json\/wp\/v2\/types\/product"}],"replies":[{"embeddable":true,"href":"https:\/\/icemeat.az\/az\/wp-json\/wp\/v2\/comments?post=3195"}],"wp:featuredmedia":[{"embeddable":true,"href":"https:\/\/icemeat.az\/az\/wp-json\/wp\/v2\/media\/3546"}],"wp:attachment":[{"href":"https:\/\/icemeat.az\/az\/wp-json\/wp\/v2\/media?parent=3195"}],"wp:term":[{"taxonomy":"product_brand","embeddable":true,"href":"https:\/\/icemeat.az\/az\/wp-json\/wp\/v2\/product_brand?post=3195"},{"taxonomy":"product_cat","embeddable":true,"href":"https:\/\/icemeat.az\/az\/wp-json\/wp\/v2\/product_cat?post=3195"},{"taxonomy":"product_tag","embeddable":true,"href":"https:\/\/icemeat.az\/az\/wp-json\/wp\/v2\/product_tag?post=3195"}],"curies":[{"name":"wp","href":"https:\/\/api.w.org\/{rel}","templated":true}]}}