{"id":3196,"date":"2025-02-25T23:25:40","date_gmt":"2025-02-25T23:25:40","guid":{"rendered":"https:\/\/icemeat.az.local\/product\/mal-%c9%99ti-karkasi\/"},"modified":"2025-02-25T23:25:40","modified_gmt":"2025-02-25T23:25:40","slug":"mal-%c9%99ti-karkasi","status":"publish","type":"product","link":"https:\/\/icemeat.az\/az\/product\/mal-%c9%99ti-karkasi\/","title":{"rendered":"Mal \u0259ti karkas\u0131"},"content":{"rendered":"<div>Halal mal \u0259ti karkas\u0131 \u00fcmumi bax\u0131\u015f<\/div>\n<div><\/div>\n<div>Halal mal \u0259ti karkas\u0131, \u0130slam qida qanunlar\u0131na uy\u011fun i\u015fl\u0259nmi\u015f b\u00fct\u00fcn in\u0259k karkas\u0131n\u0131 ifad\u0259 edir. K\u0259sim, \u0130slam\u0131n halal qida qaydalar\u0131na uy\u011fun olaraq h\u0259yata ke\u00e7irilir v\u0259 bu, \u0259t\u0259 m\u00fcs\u0259lman istehlak\u00e7\u0131lar\u0131 \u00fc\u00e7\u00fcn icaz\u0259li (halal) oldu\u011funu t\u0259min edir.<\/div>\n<div><\/div>\n<div>Halal mal \u0259ti karkas\u0131 \u00fc\u00e7\u00fcn \u0259sas t\u0259l\u0259bl\u0259r:<\/div>\n<div>1. K\u0259sim prosesi:<\/div>\n<div>Heyvan k\u0259simd\u0259n \u0259vv\u0259l sa\u011flam v\u0259 canl\u0131 olmal\u0131d\u0131r.<\/div>\n<div>K\u0259simi bir m\u00fcs\u0259lman \u015f\u0259xs etm\u0259li v\u0259 \u201cBismillah, Allahu Akbar\u201d dem\u0259lidir.<\/div>\n<div>K\u0259skin b\u0131\u00e7aq istifad\u0259 edil\u0259r\u0259k tez v\u0259 d\u0259rin bir k\u0259sik edil\u0259r\u0259k bo\u011faz damarlar\u0131, karotid arteriyalar v\u0259 t\u0131rt\u0131l bo\u011faz\u0131 k\u0259silir, qan tamamil\u0259 bo\u015fal\u0131r.<\/div>\n<div>Qan tamamil\u0259 bo\u015fald\u0131lmal\u0131d\u0131r, \u00e7\u00fcnki \u0130slamda qan istehlak\u0131 qada\u011fand\u0131r.<\/div>\n<div>2. \u0130\u015fl\u0259nm\u0259 v\u0259 sertifikatla\u015fd\u0131rma:<\/div>\n<div>Karkas qeyri-halal \u0259tl\u0259 t\u0259masda olmamal\u0131d\u0131r (\u00e7apraz \u00e7irkl\u0259nm\u0259 ciddi \u015f\u0259kild\u0259 qar\u015f\u0131s\u0131 al\u0131n\u0131r).<\/div>\n<div>Halal sertifikat\u0131, tan\u0131nm\u0131\u015f \u0130slam qurumlar\u0131 t\u0259r\u0259find\u0259n yoxlama apar\u0131ld\u0131qdan sonra veril\u0259r.<\/div>\n<div>3. \u018ft keyfiyy\u0259ti v\u0259 paylanma:<\/div>\n<div>Karkas, bazar t\u0259l\u0259bin\u0259 \u0259sas\u0259n \u0259sas v\u0259 sub-primal k\u0259siml\u0259r\u0259 b\u00f6l\u00fcn\u00fcr.<\/div>\n<div>Halal mal \u0259ti, Az\u0259rbaycan, S\u0259udiyy\u0259 \u018fr\u0259bistan\u0131, Birl\u0259\u015fmi\u015f \u018fr\u0259b \u018fmirlikl\u0259ri, \u0130ran v\u0259 dig\u0259r m\u00fcs\u0259lman \u0259halisinin \u00fcst\u00fcnl\u00fck t\u0259\u015fkil etdiyi \u00f6lk\u0259l\u0259r\u0259 ixrac olunur.<\/div>\n","protected":false},"excerpt":{"rendered":"<p>Halal mal \u0259ti karkas\u0131 \u00fcmumi bax\u0131\u015f Halal mal \u0259ti karkas\u0131, \u0130slam qida qanunlar\u0131na uy\u011fun i\u015fl\u0259nmi\u015f b\u00fct\u00fcn in\u0259k karkas\u0131n\u0131 ifad\u0259 edir.<\/p>\n","protected":false},"featured_media":3543,"comment_status":"open","ping_status":"closed","template":"","meta":[],"product_brand":[],"product_cat":[41],"product_tag":[],"class_list":{"0":"post-3196","1":"product","2":"type-product","3":"status-publish","4":"has-post-thumbnail","6":"product_cat-mal-ti-mhsullari","8":"first","9":"instock","10":"shipping-taxable","11":"purchasable","12":"product-type-simple"},"_links":{"self":[{"href":"https:\/\/icemeat.az\/az\/wp-json\/wp\/v2\/product\/3196","targetHints":{"allow":["GET"]}}],"collection":[{"href":"https:\/\/icemeat.az\/az\/wp-json\/wp\/v2\/product"}],"about":[{"href":"https:\/\/icemeat.az\/az\/wp-json\/wp\/v2\/types\/product"}],"replies":[{"embeddable":true,"href":"https:\/\/icemeat.az\/az\/wp-json\/wp\/v2\/comments?post=3196"}],"wp:featuredmedia":[{"embeddable":true,"href":"https:\/\/icemeat.az\/az\/wp-json\/wp\/v2\/media\/3543"}],"wp:attachment":[{"href":"https:\/\/icemeat.az\/az\/wp-json\/wp\/v2\/media?parent=3196"}],"wp:term":[{"taxonomy":"product_brand","embeddable":true,"href":"https:\/\/icemeat.az\/az\/wp-json\/wp\/v2\/product_brand?post=3196"},{"taxonomy":"product_cat","embeddable":true,"href":"https:\/\/icemeat.az\/az\/wp-json\/wp\/v2\/product_cat?post=3196"},{"taxonomy":"product_tag","embeddable":true,"href":"https:\/\/icemeat.az\/az\/wp-json\/wp\/v2\/product_tag?post=3196"}],"curies":[{"name":"wp","href":"https:\/\/api.w.org\/{rel}","templated":true}]}}