{"id":3197,"date":"2025-02-25T23:25:40","date_gmt":"2025-02-25T23:25:40","guid":{"rendered":"https:\/\/icemeat.az.local\/product\/top-side\/"},"modified":"2025-02-25T23:25:40","modified_gmt":"2025-02-25T23:25:40","slug":"top-side","status":"publish","type":"product","link":"https:\/\/icemeat.az\/az\/product\/top-side\/","title":{"rendered":"Top Side"},"content":{"rendered":"<p>Mal \u0259ti yuxar\u0131 t\u0259r\u0259fi in\u0259yin arxa aya\u011f\u0131n\u0131n yuxar\u0131 hiss\u0259sind\u0259n al\u0131nan ya\u011fs\u0131z bir \u0259t k\u0259simidir. Bu, az miqdarda ya\u011fl\u0131, m\u00f6hk\u0259m v\u0259 dadl\u0131 \u0259t olub, onu qovurma, yava\u015f bi\u015firm\u0259 v\u0259 biftekl\u0259r\u0259 do\u011framaq \u00fc\u00e7\u00fcn ideal edir. Bu, kifay\u0259t q\u0259d\u0259r s\u0131x bir \u0259t k\u0259simi oldu\u011fundan, yum\u015faql\u0131\u011f\u0131n\u0131 art\u0131rmaq \u00fc\u00e7\u00fcn yava\u015f bi\u015firm\u0259 \u00fcsullar\u0131ndan faydalan\u0131r.<\/p>\n","protected":false},"excerpt":{"rendered":"<p>Mal \u0259ti yuxar\u0131 t\u0259r\u0259fi in\u0259yin arxa aya\u011f\u0131n\u0131n yuxar\u0131 hiss\u0259sind\u0259n al\u0131nan ya\u011fs\u0131z bir \u0259t k\u0259simidir. Bu, az miqdarda ya\u011fl\u0131, m\u00f6hk\u0259m v\u0259<\/p>\n","protected":false},"featured_media":3558,"comment_status":"open","ping_status":"closed","template":"","meta":[],"product_brand":[],"product_cat":[41],"product_tag":[],"class_list":{"0":"post-3197","1":"product","2":"type-product","3":"status-publish","4":"has-post-thumbnail","6":"product_cat-mal-ti-mhsullari","8":"first","9":"instock","10":"shipping-taxable","11":"purchasable","12":"product-type-simple"},"_links":{"self":[{"href":"https:\/\/icemeat.az\/az\/wp-json\/wp\/v2\/product\/3197","targetHints":{"allow":["GET"]}}],"collection":[{"href":"https:\/\/icemeat.az\/az\/wp-json\/wp\/v2\/product"}],"about":[{"href":"https:\/\/icemeat.az\/az\/wp-json\/wp\/v2\/types\/product"}],"replies":[{"embeddable":true,"href":"https:\/\/icemeat.az\/az\/wp-json\/wp\/v2\/comments?post=3197"}],"wp:featuredmedia":[{"embeddable":true,"href":"https:\/\/icemeat.az\/az\/wp-json\/wp\/v2\/media\/3558"}],"wp:attachment":[{"href":"https:\/\/icemeat.az\/az\/wp-json\/wp\/v2\/media?parent=3197"}],"wp:term":[{"taxonomy":"product_brand","embeddable":true,"href":"https:\/\/icemeat.az\/az\/wp-json\/wp\/v2\/product_brand?post=3197"},{"taxonomy":"product_cat","embeddable":true,"href":"https:\/\/icemeat.az\/az\/wp-json\/wp\/v2\/product_cat?post=3197"},{"taxonomy":"product_tag","embeddable":true,"href":"https:\/\/icemeat.az\/az\/wp-json\/wp\/v2\/product_tag?post=3197"}],"curies":[{"name":"wp","href":"https:\/\/api.w.org\/{rel}","templated":true}]}}