{"id":3449,"date":"2026-04-21T04:45:04","date_gmt":"2026-04-21T04:45:04","guid":{"rendered":"https:\/\/icemeat.az\/?post_type=product&#038;p=3449"},"modified":"2026-04-21T09:41:00","modified_gmt":"2026-04-21T09:41:00","slug":"quzu-copy-copy","status":"publish","type":"product","link":"https:\/\/icemeat.az\/az\/product\/quzu-copy-copy\/","title":{"rendered":"Quzu Bud"},"content":{"rendered":"<div>B\u00fct\u00f6v Quzu \u00dcmumi Bax\u0131\u015f:<\/div>\n<div><\/div>\n<div>Quzu c\u0259s\u0259di, quzu k\u0259sildikd\u0259n, daxili orqanlar\u0131 \u00e7\u0131xar\u0131ld\u0131qdan v\u0259 d\u0259risi soyulandan sonra qalan b\u00fct\u00f6v b\u0259d\u0259nidir. Bu, m\u00fcxt\u0259lif quzu k\u0259siml\u0259ri v\u0259 m\u0259hsullar\u0131 \u00fc\u00e7\u00fcn \u0259sas m\u0259nb\u0259 rolunu oynay\u0131r. Quzu, yum\u015faql\u0131\u011f\u0131, dad\u0131 v\u0259 \u00e7ox\u015fax\u0259liliyi il\u0259 qiym\u0259tl\u0259ndirilir, bu da onu d\u00fcnya miqyas\u0131nda bir \u00e7ox m\u0259tb\u0259xd\u0259 m\u0259\u015fhur edir.<\/div>\n<div><\/div>\n<div>\u018fsas X\u00fcsusiyy\u0259tl\u0259r:<\/div>\n<div>\u2022\u00c7\u0259kisi: Ad\u0259t\u0259n 10 kq-dan 25 kq-a q\u0259d\u0259r olur, bu da quzunun ya\u015f\u0131na v\u0259 cinsin\u0259 g\u00f6r\u0259 d\u0259yi\u015fir.<\/div>\n<div>\u2022T\u0259rkibi: \u00c7iyin, rack, ayaq, \u015fank v\u0259 boyun kimi m\u00fcxt\u0259lif k\u0259siml\u0259ri ehtiva edir.<\/div>\n<div>\u2022Keyfiyy\u0259t D\u0259r\u0259c\u0259l\u0259ri: C\u0259s\u0259dl\u0259r ya\u015f, ya\u011f \u00f6rt\u00fcy\u00fc v\u0259 forma kimi amill\u0259r\u0259 \u0259sas\u0259n d\u0259r\u0259c\u0259l\u0259ndiril\u0259 bil\u0259r.<\/div>\n<div><\/div>\n<div>\u0130\u015fl\u0259nm\u0259 v\u0259 K\u0259siml\u0259r:<\/div>\n<div>\u2022C\u0259s\u0259d ad\u0259t\u0259n bir ne\u00e7\u0259 \u0259sas k\u0259sim\u0259 b\u00f6l\u00fcn\u00fcr:<\/div>\n<div>\u00d6n Hiss\u0259: \u00c7iyin, boyun v\u0259 qab\u0131r\u011fa hiss\u0259sini ehtiva edir.<\/div>\n<div>Arxa Hiss\u0259: Ayaq v\u0259 bel daxildir.<\/div>\n<div>\u015eanklar: \u00d6n \u015fank v\u0259 arxa \u015fank\u0131 ehtiva edir.<\/div>\n<div><\/div>\n<div>Paketl\u0259m\u0259 Se\u00e7iml\u0259ri:<\/div>\n<div>\u2022Soyudulmu\u015f: Q\u0131sa m\u00fcdd\u0259tli istifad\u0259 \u00fc\u00e7\u00fcn 0\u20134\u00b0C-d\u0259 saxlan\u0131l\u0131r, tez-tez t\u0259z\u0259 \u0259t sat\u0131\u015f\u0131 \u00fc\u00e7\u00fcn istifad\u0259 olunur.<\/div>\n<div>\u2022Dondurulmu\u015f: Keyfiyy\u0259ti uzun m\u00fcdd\u0259t saxlamaq \u00fc\u00e7\u00fcn s\u00fcr\u0259tli dondurma v\u0259 ya vakuumla ba\u011flanm\u0131\u015f \u015f\u0259kild\u0259 saxlan\u0131l\u0131r.<\/div>\n<div><\/div>\n<div>\u00dcmumi \u0130stifad\u0259 Sah\u0259l\u0259ri:<\/div>\n<div>\u2022Qovurma: B\u00fct\u00f6v quzu qovurmalar\u0131 x\u00fcsusi hallar \u00fc\u00e7\u00fcn m\u0259\u015fhurdur.<\/div>\n<div>\u2022Qril: Quzu kotletl\u0259ri v\u0259 \u015fi\u015fl\u0259r tez-tez qril v\u0259 ya barbek\u00fc edilir.<\/div>\n<div>\u2022\u015eorbalar v\u0259 Kariler: Quzu, z\u0259ngin dad\u0131ndan faydalanan yava\u015f bi\u015firil\u0259n yem\u0259kl\u0259rd\u0259 geni\u015f istifad\u0259 olunur.<\/div>\n<div>\u2022Emal Edilmi\u015f M\u0259hsullar: Sosiska v\u0259 quzu hamburgerl\u0259ri kimi m\u0259hsullar\u0131n haz\u0131rlanmas\u0131nda istifad\u0259 olunur.<\/div>\n<div><\/div>\n<div>B\u00fct\u00f6v Quzunun Faydalar\u0131:<\/div>\n<div>\u2022\u00c7ox\u015fax\u0259lilik: M\u00fcxt\u0259lif bi\u015firm\u0259 \u00fcsullar\u0131na uy\u011fun geni\u015f k\u0259siml\u0259r t\u0259qdim edir.<\/div>\n<div>\u2022Dad: Quzu, z\u0259ngin v\u0259 f\u0259rqli dad\u0131 il\u0259 tan\u0131n\u0131r, bu da onu bir \u00e7ox m\u0259tb\u0259xd\u0259 sevil\u0259n edir.<\/div>\n<div>\u2022Kulinariya T\u0259tbiql\u0259ri: \u018fn\u0259n\u0259vi yem\u0259kl\u0259rd\u0259, qastronomik haz\u0131rl\u0131qlarda v\u0259 d\u00fcnya m\u0259tb\u0259xl\u0259rind\u0259 istifad\u0259 oluna bil\u0259r.<\/div>\n<div><\/div>\n<div>\u018flav\u0259 m\u0259lumat ist\u0259yirsinizmi, b\u00fct\u00f6v quzu topdansat\u0131\u015f\u0131, Halal sertifikat\u0131 v\u0259 ya ixrac loqistikas\u0131 bar\u0259d\u0259?<\/div>\n","protected":false},"excerpt":{"rendered":"<p>B\u00fct\u00f6v Quzu \u00dcmumi Bax\u0131\u015f: Quzu c\u0259s\u0259di, quzu k\u0259sildikd\u0259n, daxili orqanlar\u0131 \u00e7\u0131xar\u0131ld\u0131qdan v\u0259 d\u0259risi soyulandan sonra qalan b\u00fct\u00f6v b\u0259d\u0259nidir. Bu, m\u00fcxt\u0259lif<\/p>\n","protected":false},"featured_media":3452,"comment_status":"open","ping_status":"closed","template":"","meta":[],"product_brand":[],"product_cat":[43],"product_tag":[],"class_list":{"0":"post-3449","1":"product","2":"type-product","3":"status-publish","4":"has-post-thumbnail","6":"product_cat-quzu-ti-mhsullari","8":"first","9":"instock","10":"shipping-taxable","11":"purchasable","12":"product-type-simple"},"_links":{"self":[{"href":"https:\/\/icemeat.az\/az\/wp-json\/wp\/v2\/product\/3449","targetHints":{"allow":["GET"]}}],"collection":[{"href":"https:\/\/icemeat.az\/az\/wp-json\/wp\/v2\/product"}],"about":[{"href":"https:\/\/icemeat.az\/az\/wp-json\/wp\/v2\/types\/product"}],"replies":[{"embeddable":true,"href":"https:\/\/icemeat.az\/az\/wp-json\/wp\/v2\/comments?post=3449"}],"wp:featuredmedia":[{"embeddable":true,"href":"https:\/\/icemeat.az\/az\/wp-json\/wp\/v2\/media\/3452"}],"wp:attachment":[{"href":"https:\/\/icemeat.az\/az\/wp-json\/wp\/v2\/media?parent=3449"}],"wp:term":[{"taxonomy":"product_brand","embeddable":true,"href":"https:\/\/icemeat.az\/az\/wp-json\/wp\/v2\/product_brand?post=3449"},{"taxonomy":"product_cat","embeddable":true,"href":"https:\/\/icemeat.az\/az\/wp-json\/wp\/v2\/product_cat?post=3449"},{"taxonomy":"product_tag","embeddable":true,"href":"https:\/\/icemeat.az\/az\/wp-json\/wp\/v2\/product_tag?post=3449"}],"curies":[{"name":"wp","href":"https:\/\/api.w.org\/{rel}","templated":true}]}}